{"id":14752,"date":"2022-04-16T23:51:28","date_gmt":"2022-04-16T23:51:28","guid":{"rendered":"https:\/\/anatoliabalkantour.com\/hakkimizda\/"},"modified":"2025-12-03T12:45:05","modified_gmt":"2025-12-03T12:45:05","slug":"hakkimizda","status":"publish","type":"page","link":"https:\/\/anatoliabalkantour.com\/tr\/hakkimizda\/","title":{"rendered":"Hakk\u0131m\u0131zda"},"content":{"rendered":"\t\t<div data-elementor-type=\"wp-page\" data-elementor-id=\"14752\" class=\"elementor elementor-14752 elementor-807\">\n\t\t\t\t\t\t<section class=\"elementor-section elementor-top-section elementor-element elementor-element-1e2f5304 elementor-section-boxed elementor-section-height-default elementor-section-height-default\" data-id=\"1e2f5304\" data-element_type=\"section\">\n\t\t\t\t\t\t<div class=\"elementor-container elementor-column-gap-default\">\n\t\t\t\t\t<div class=\"elementor-column elementor-col-100 elementor-top-column elementor-element elementor-element-6aae9b20\" data-id=\"6aae9b20\" data-element_type=\"column\">\n\t\t\t<div class=\"elementor-widget-wrap elementor-element-populated\">\n\t\t\t\t\t\t<div class=\"elementor-element elementor-element-4bbaade elementor-widget elementor-widget-heading\" data-id=\"4bbaade\" data-element_type=\"widget\" data-widget_type=\"heading.default\">\n\t\t\t\t<div class=\"elementor-widget-container\">\n\t\t\t\t\t<h2 class=\"elementor-heading-title elementor-size-default\">Anatolia Balkan Tour<\/h2>\t\t\t\t<\/div>\n\t\t\t\t<\/div>\n\t\t\t\t<div class=\"elementor-element elementor-element-2eecd387 elementor-widget elementor-widget-heading\" data-id=\"2eecd387\" data-element_type=\"widget\" data-widget_type=\"heading.default\">\n\t\t\t\t<div class=\"elementor-widget-container\">\n\t\t\t\t\t<h2 class=\"elementor-heading-title elementor-size-default\">Anatolia Balkan Tour, Bosna-Hersek, S\u0131rbistan, Karada\u011f, Makedonya, Kosova ve daha fazlas\u0131n\u0131 kapsayan unutulmaz turlar sunmaktad\u0131r. Misyonumuz, tarih, k\u00fclt\u00fcr ve do\u011fa ile i\u00e7 i\u00e7e bir deneyim sunarak, Balkanlar'\u0131n benzersiz g\u00fczelliklerini ke\u015ffetmenizi sa\u011flamakt\u0131r. Profesyonel rehberlerimiz e\u015fli\u011finde g\u00fcvenli, konforlu ve keyifli bir seyahat deneyimi vaat ediyoruz.  <\/h2>\t\t\t\t<\/div>\n\t\t\t\t<\/div>\n\t\t\t\t\t<\/div>\n\t\t<\/div>\n\t\t\t\t\t<\/div>\n\t\t<\/section>\n\t\t\t\t<\/div>\n\t\t","protected":false},"excerpt":{"rendered":"<p>Anatolia Balkan Tour Anatolia Balkan Tour, Bosna-Hersek, S\u0131rbistan, Karada\u011f, Makedonya, Kosova ve daha fazlas\u0131n\u0131 kapsayan unutulmaz turlar sunmaktad\u0131r. Misyonumuz, tarih, k\u00fclt\u00fcr ve do\u011fa ile i\u00e7 i\u00e7e bir deneyim sunarak, Balkanlar&#8217;\u0131n benzersiz g\u00fczelliklerini ke\u015ffetmenizi sa\u011flamakt\u0131r. Profesyonel rehberlerimiz e\u015fli\u011finde g\u00fcvenli, konforlu ve keyifli bir seyahat deneyimi vaat ediyoruz.<\/p>\n","protected":false},"author":1,"featured_media":14485,"parent":0,"menu_order":0,"comment_status":"closed","ping_status":"closed","template":"","meta":{"footnotes":""},"class_list":["post-14752","page","type-page","status-publish","has-post-thumbnail","hentry"],"yoast_head":"<!-- This site is optimized with the Yoast SEO plugin v26.5 - https:\/\/yoast.com\/wordpress\/plugins\/seo\/ -->\n<title>Hakk\u0131m\u0131zda - Anatolia Balkan Tour<\/title>\n<meta name=\"robots\" content=\"index, follow, max-snippet:-1, max-image-preview:large, max-video-preview:-1\" \/>\n<link rel=\"canonical\" href=\"https:\/\/anatoliabalkantour.com\/tr\/hakkimizda\/\" \/>\n<meta property=\"og:locale\" content=\"tr_TR\" \/>\n<meta property=\"og:type\" content=\"article\" \/>\n<meta property=\"og:title\" content=\"Hakk\u0131m\u0131zda - Anatolia Balkan Tour\" \/>\n<meta property=\"og:description\" content=\"Anatolia Balkan Tour Anatolia Balkan Tour, Bosna-Hersek, S\u0131rbistan, Karada\u011f, Makedonya, Kosova ve daha fazlas\u0131n\u0131 kapsayan unutulmaz turlar sunmaktad\u0131r. Misyonumuz, tarih, k\u00fclt\u00fcr ve do\u011fa ile i\u00e7 i\u00e7e bir deneyim sunarak, Balkanlar&#8217;\u0131n benzersiz g\u00fczelliklerini ke\u015ffetmenizi sa\u011flamakt\u0131r. Profesyonel rehberlerimiz e\u015fli\u011finde g\u00fcvenli, konforlu ve keyifli bir seyahat deneyimi vaat ediyoruz.\" \/>\n<meta property=\"og:url\" content=\"https:\/\/anatoliabalkantour.com\/tr\/hakkimizda\/\" \/>\n<meta property=\"og:site_name\" content=\"Anatolia Balkan Tour\" \/>\n<meta property=\"article:publisher\" content=\"https:\/\/www.facebook.com\/Anatoliabalkantur\/\" \/>\n<meta property=\"article:modified_time\" content=\"2025-12-03T12:45:05+00:00\" \/>\n<meta property=\"og:image\" content=\"https:\/\/anatoliabalkantour.com\/wp-content\/uploads\/2025\/11\/bannermix-min.png\" \/>\n\t<meta property=\"og:image:width\" content=\"1920\" \/>\n\t<meta property=\"og:image:height\" content=\"400\" \/>\n\t<meta property=\"og:image:type\" content=\"image\/png\" \/>\n<meta name=\"twitter:card\" content=\"summary_large_image\" \/>\n<script type=\"application\/ld+json\" class=\"yoast-schema-graph\">{\"@context\":\"https:\/\/schema.org\",\"@graph\":[{\"@type\":\"WebPage\",\"@id\":\"https:\/\/anatoliabalkantour.com\/tr\/hakkimizda\/\",\"url\":\"https:\/\/anatoliabalkantour.com\/tr\/hakkimizda\/\",\"name\":\"Hakk\u0131m\u0131zda - Anatolia Balkan Tour\",\"isPartOf\":{\"@id\":\"https:\/\/anatoliabalkantour.com\/tr\/#website\"},\"primaryImageOfPage\":{\"@id\":\"https:\/\/anatoliabalkantour.com\/tr\/hakkimizda\/#primaryimage\"},\"image\":{\"@id\":\"https:\/\/anatoliabalkantour.com\/tr\/hakkimizda\/#primaryimage\"},\"thumbnailUrl\":\"https:\/\/anatoliabalkantour.com\/wp-content\/uploads\/2025\/11\/bannermix-min.png\",\"datePublished\":\"2022-04-16T23:51:28+00:00\",\"dateModified\":\"2025-12-03T12:45:05+00:00\",\"breadcrumb\":{\"@id\":\"https:\/\/anatoliabalkantour.com\/tr\/hakkimizda\/#breadcrumb\"},\"inLanguage\":\"tr\",\"potentialAction\":[{\"@type\":\"ReadAction\",\"target\":[\"https:\/\/anatoliabalkantour.com\/tr\/hakkimizda\/\"]}]},{\"@type\":\"ImageObject\",\"inLanguage\":\"tr\",\"@id\":\"https:\/\/anatoliabalkantour.com\/tr\/hakkimizda\/#primaryimage\",\"url\":\"https:\/\/anatoliabalkantour.com\/wp-content\/uploads\/2025\/11\/bannermix-min.png\",\"contentUrl\":\"https:\/\/anatoliabalkantour.com\/wp-content\/uploads\/2025\/11\/bannermix-min.png\",\"width\":1920,\"height\":400},{\"@type\":\"BreadcrumbList\",\"@id\":\"https:\/\/anatoliabalkantour.com\/tr\/hakkimizda\/#breadcrumb\",\"itemListElement\":[{\"@type\":\"ListItem\",\"position\":1,\"name\":\"Home\",\"item\":\"https:\/\/anatoliabalkantour.com\/tr\/\"},{\"@type\":\"ListItem\",\"position\":2,\"name\":\"Hakk\u0131m\u0131zda\"}]},{\"@type\":\"WebSite\",\"@id\":\"https:\/\/anatoliabalkantour.com\/tr\/#website\",\"url\":\"https:\/\/anatoliabalkantour.com\/tr\/\",\"name\":\"Anatolia Balkan Tour\",\"description\":\"Anatolia&#039;n\u0131n G\u00fcc\u00fcyle En \u0130yi Balkan Turu Deneyimi\",\"publisher\":{\"@id\":\"https:\/\/anatoliabalkantour.com\/tr\/#organization\"},\"potentialAction\":[{\"@type\":\"SearchAction\",\"target\":{\"@type\":\"EntryPoint\",\"urlTemplate\":\"https:\/\/anatoliabalkantour.com\/tr\/?s={search_term_string}\"},\"query-input\":{\"@type\":\"PropertyValueSpecification\",\"valueRequired\":true,\"valueName\":\"search_term_string\"}}],\"inLanguage\":\"tr\"},{\"@type\":\"Organization\",\"@id\":\"https:\/\/anatoliabalkantour.com\/tr\/#organization\",\"name\":\"Anatolia Balkan Tour\",\"url\":\"https:\/\/anatoliabalkantour.com\/tr\/\",\"logo\":{\"@type\":\"ImageObject\",\"inLanguage\":\"tr\",\"@id\":\"https:\/\/anatoliabalkantour.com\/tr\/#\/schema\/logo\/image\/\",\"url\":\"https:\/\/anatoliabalkantour.com\/wp-content\/uploads\/2022\/04\/LOGOBALKAN-Duzenlendi-1.png\",\"contentUrl\":\"https:\/\/anatoliabalkantour.com\/wp-content\/uploads\/2022\/04\/LOGOBALKAN-Duzenlendi-1.png\",\"width\":1024,\"height\":1024,\"caption\":\"Anatolia Balkan Tour\"},\"image\":{\"@id\":\"https:\/\/anatoliabalkantour.com\/tr\/#\/schema\/logo\/image\/\"},\"sameAs\":[\"https:\/\/www.facebook.com\/Anatoliabalkantur\/\",\"https:\/\/www.instagram.com\/anatoliabalkantur\/\"]}]}<\/script>\n<!-- \/ Yoast SEO plugin. -->","yoast_head_json":{"title":"Hakk\u0131m\u0131zda - Anatolia Balkan Tour","robots":{"index":"index","follow":"follow","max-snippet":"max-snippet:-1","max-image-preview":"max-image-preview:large","max-video-preview":"max-video-preview:-1"},"canonical":"https:\/\/anatoliabalkantour.com\/tr\/hakkimizda\/","og_locale":"tr_TR","og_type":"article","og_title":"Hakk\u0131m\u0131zda - Anatolia Balkan Tour","og_description":"Anatolia Balkan Tour Anatolia Balkan Tour, Bosna-Hersek, S\u0131rbistan, Karada\u011f, Makedonya, Kosova ve daha fazlas\u0131n\u0131 kapsayan unutulmaz turlar sunmaktad\u0131r. Misyonumuz, tarih, k\u00fclt\u00fcr ve do\u011fa ile i\u00e7 i\u00e7e bir deneyim sunarak, Balkanlar&#8217;\u0131n benzersiz g\u00fczelliklerini ke\u015ffetmenizi sa\u011flamakt\u0131r. Profesyonel rehberlerimiz e\u015fli\u011finde g\u00fcvenli, konforlu ve keyifli bir seyahat deneyimi vaat ediyoruz.","og_url":"https:\/\/anatoliabalkantour.com\/tr\/hakkimizda\/","og_site_name":"Anatolia Balkan Tour","article_publisher":"https:\/\/www.facebook.com\/Anatoliabalkantur\/","article_modified_time":"2025-12-03T12:45:05+00:00","og_image":[{"width":1920,"height":400,"url":"https:\/\/anatoliabalkantour.com\/wp-content\/uploads\/2025\/11\/bannermix-min.png","type":"image\/png"}],"twitter_card":"summary_large_image","schema":{"@context":"https:\/\/schema.org","@graph":[{"@type":"WebPage","@id":"https:\/\/anatoliabalkantour.com\/tr\/hakkimizda\/","url":"https:\/\/anatoliabalkantour.com\/tr\/hakkimizda\/","name":"Hakk\u0131m\u0131zda - Anatolia Balkan Tour","isPartOf":{"@id":"https:\/\/anatoliabalkantour.com\/tr\/#website"},"primaryImageOfPage":{"@id":"https:\/\/anatoliabalkantour.com\/tr\/hakkimizda\/#primaryimage"},"image":{"@id":"https:\/\/anatoliabalkantour.com\/tr\/hakkimizda\/#primaryimage"},"thumbnailUrl":"https:\/\/anatoliabalkantour.com\/wp-content\/uploads\/2025\/11\/bannermix-min.png","datePublished":"2022-04-16T23:51:28+00:00","dateModified":"2025-12-03T12:45:05+00:00","breadcrumb":{"@id":"https:\/\/anatoliabalkantour.com\/tr\/hakkimizda\/#breadcrumb"},"inLanguage":"tr","potentialAction":[{"@type":"ReadAction","target":["https:\/\/anatoliabalkantour.com\/tr\/hakkimizda\/"]}]},{"@type":"ImageObject","inLanguage":"tr","@id":"https:\/\/anatoliabalkantour.com\/tr\/hakkimizda\/#primaryimage","url":"https:\/\/anatoliabalkantour.com\/wp-content\/uploads\/2025\/11\/bannermix-min.png","contentUrl":"https:\/\/anatoliabalkantour.com\/wp-content\/uploads\/2025\/11\/bannermix-min.png","width":1920,"height":400},{"@type":"BreadcrumbList","@id":"https:\/\/anatoliabalkantour.com\/tr\/hakkimizda\/#breadcrumb","itemListElement":[{"@type":"ListItem","position":1,"name":"Home","item":"https:\/\/anatoliabalkantour.com\/tr\/"},{"@type":"ListItem","position":2,"name":"Hakk\u0131m\u0131zda"}]},{"@type":"WebSite","@id":"https:\/\/anatoliabalkantour.com\/tr\/#website","url":"https:\/\/anatoliabalkantour.com\/tr\/","name":"Anatolia Balkan Tour","description":"Anatolia&#039;n\u0131n G\u00fcc\u00fcyle En \u0130yi Balkan Turu Deneyimi","publisher":{"@id":"https:\/\/anatoliabalkantour.com\/tr\/#organization"},"potentialAction":[{"@type":"SearchAction","target":{"@type":"EntryPoint","urlTemplate":"https:\/\/anatoliabalkantour.com\/tr\/?s={search_term_string}"},"query-input":{"@type":"PropertyValueSpecification","valueRequired":true,"valueName":"search_term_string"}}],"inLanguage":"tr"},{"@type":"Organization","@id":"https:\/\/anatoliabalkantour.com\/tr\/#organization","name":"Anatolia Balkan Tour","url":"https:\/\/anatoliabalkantour.com\/tr\/","logo":{"@type":"ImageObject","inLanguage":"tr","@id":"https:\/\/anatoliabalkantour.com\/tr\/#\/schema\/logo\/image\/","url":"https:\/\/anatoliabalkantour.com\/wp-content\/uploads\/2022\/04\/LOGOBALKAN-Duzenlendi-1.png","contentUrl":"https:\/\/anatoliabalkantour.com\/wp-content\/uploads\/2022\/04\/LOGOBALKAN-Duzenlendi-1.png","width":1024,"height":1024,"caption":"Anatolia Balkan Tour"},"image":{"@id":"https:\/\/anatoliabalkantour.com\/tr\/#\/schema\/logo\/image\/"},"sameAs":["https:\/\/www.facebook.com\/Anatoliabalkantur\/","https:\/\/www.instagram.com\/anatoliabalkantur\/"]}]}},"_links":{"self":[{"href":"https:\/\/anatoliabalkantour.com\/tr\/wp-json\/wp\/v2\/pages\/14752","targetHints":{"allow":["GET"]}}],"collection":[{"href":"https:\/\/anatoliabalkantour.com\/tr\/wp-json\/wp\/v2\/pages"}],"about":[{"href":"https:\/\/anatoliabalkantour.com\/tr\/wp-json\/wp\/v2\/types\/page"}],"author":[{"embeddable":true,"href":"https:\/\/anatoliabalkantour.com\/tr\/wp-json\/wp\/v2\/users\/1"}],"replies":[{"embeddable":true,"href":"https:\/\/anatoliabalkantour.com\/tr\/wp-json\/wp\/v2\/comments?post=14752"}],"version-history":[{"count":4,"href":"https:\/\/anatoliabalkantour.com\/tr\/wp-json\/wp\/v2\/pages\/14752\/revisions"}],"predecessor-version":[{"id":15227,"href":"https:\/\/anatoliabalkantour.com\/tr\/wp-json\/wp\/v2\/pages\/14752\/revisions\/15227"}],"wp:featuredmedia":[{"embeddable":true,"href":"https:\/\/anatoliabalkantour.com\/tr\/wp-json\/wp\/v2\/media\/14485"}],"wp:attachment":[{"href":"https:\/\/anatoliabalkantour.com\/tr\/wp-json\/wp\/v2\/media?parent=14752"}],"curies":[{"name":"wp","href":"https:\/\/api.w.org\/{rel}","templated":true}]}}