{"id":14748,"date":"2022-04-14T01:27:33","date_gmt":"2022-04-14T01:27:33","guid":{"rendered":"https:\/\/anatoliabalkantour.com\/iletisim\/"},"modified":"2025-11-25T00:01:17","modified_gmt":"2025-11-25T00:01:17","slug":"iletisim","status":"publish","type":"page","link":"https:\/\/anatoliabalkantour.com\/tr\/iletisim\/","title":{"rendered":"\u0130leti\u015fim"},"content":{"rendered":"\t\t<div data-elementor-type=\"wp-page\" data-elementor-id=\"14748\" class=\"elementor elementor-14748 elementor-707\">\n\t\t\t\t\t\t<section class=\"elementor-section elementor-top-section elementor-element elementor-element-7286bf4b elementor-section-content-middle elementor-section-boxed elementor-section-height-default elementor-section-height-default\" data-id=\"7286bf4b\" data-element_type=\"section\">\n\t\t\t\t\t\t<div class=\"elementor-container elementor-column-gap-default\">\n\t\t\t\t\t<div class=\"elementor-column elementor-col-50 elementor-top-column elementor-element elementor-element-4fc8b9e5\" data-id=\"4fc8b9e5\" data-element_type=\"column\">\n\t\t\t<div class=\"elementor-widget-wrap elementor-element-populated\">\n\t\t\t\t\t\t<div class=\"elementor-element elementor-element-2a2ce934 elementor-widget elementor-widget-heading\" data-id=\"2a2ce934\" data-element_type=\"widget\" data-widget_type=\"heading.default\">\n\t\t\t\t<div class=\"elementor-widget-container\">\n\t\t\t\t\t<h2 class=\"elementor-heading-title elementor-size-default\">\u0130leti\u015fim Bilgileri<\/h2>\t\t\t\t<\/div>\n\t\t\t\t<\/div>\n\t\t\t\t<div class=\"elementor-element elementor-element-58f2cd5b elementor-widget-divider--view-line elementor-widget elementor-widget-divider\" data-id=\"58f2cd5b\" data-element_type=\"widget\" data-widget_type=\"divider.default\">\n\t\t\t\t<div class=\"elementor-widget-container\">\n\t\t\t\t\t\t\t<div class=\"elementor-divider\">\n\t\t\t<span class=\"elementor-divider-separator\">\n\t\t\t\t\t\t<\/span>\n\t\t<\/div>\n\t\t\t\t\t\t<\/div>\n\t\t\t\t<\/div>\n\t\t\t\t<div class=\"elementor-element elementor-element-18a154ec elementor-position-left elementor-vertical-align-middle elementor-mobile-position-left elementor-view-default elementor-widget elementor-widget-icon-box\" data-id=\"18a154ec\" data-element_type=\"widget\" data-widget_type=\"icon-box.default\">\n\t\t\t\t<div class=\"elementor-widget-container\">\n\t\t\t\t\t            <div class=\"elementor-icon-box-wrapper \">\r\n                                <div class=\"elementor-icon-box-content\">\r\n\t\t\t\t\t                    <h3 class=\"elementor-icon-box-title \">\r\n                        <a href=\"tel:38761204388\"  style=\"display: inline-flex; align-items: center;\">\r\n\r\n                                                                                    <div class=\"elementor-icon-box-icon\">\r\n                                    <a class=\"elementor-icon elementor-animation-\" href=\"tel:38761204388\">\r\n                                    <svg aria-hidden=\"true\" class=\"e-font-icon-svg e-fas-phone-alt\" viewBox=\"0 0 512 512\" xmlns=\"http:\/\/www.w3.org\/2000\/svg\"><path d=\"M497.39 361.8l-112-48a24 24 0 0 0-28 6.9l-49.6 60.6A370.66 370.66 0 0 1 130.6 204.11l60.6-49.6a23.94 23.94 0 0 0 6.9-28l-48-112A24.16 24.16 0 0 0 122.6.61l-104 24A24 24 0 0 0 0 48c0 256.5 207.9 464 464 464a24 24 0 0 0 23.4-18.6l24-104a24.29 24.29 0 0 0-14.01-27.6z\"><\/path><\/svg>                                    <\/a>\r\n                                <\/div>\r\n                                                     +387 61 204 388                        <\/a>\r\n                    <\/h3>\r\n\r\n                                    <\/div>\r\n            <\/div>\r\n            \t\t\t\t<\/div>\n\t\t\t\t<\/div>\n\t\t\t\t<div class=\"elementor-element elementor-element-9afa96d elementor-position-left elementor-vertical-align-middle elementor-mobile-position-left elementor-view-default elementor-widget elementor-widget-icon-box\" data-id=\"9afa96d\" data-element_type=\"widget\" data-widget_type=\"icon-box.default\">\n\t\t\t\t<div class=\"elementor-widget-container\">\n\t\t\t\t\t            <div class=\"elementor-icon-box-wrapper \">\r\n                                <div class=\"elementor-icon-box-content\">\r\n\t\t\t\t\t                    <h3 class=\"elementor-icon-box-title \">\r\n                        <a href=\"tel:38761204388\"  style=\"display: inline-flex; align-items: center;\">\r\n\r\n                                                                                    <div class=\"elementor-icon-box-icon\">\r\n                                    <a class=\"elementor-icon elementor-animation-\" href=\"tel:38761204388\">\r\n                                    <svg aria-hidden=\"true\" class=\"e-font-icon-svg e-far-envelope\" viewBox=\"0 0 512 512\" xmlns=\"http:\/\/www.w3.org\/2000\/svg\"><path d=\"M464 64H48C21.49 64 0 85.49 0 112v288c0 26.51 21.49 48 48 48h416c26.51 0 48-21.49 48-48V112c0-26.51-21.49-48-48-48zm0 48v40.805c-22.422 18.259-58.168 46.651-134.587 106.49-16.841 13.247-50.201 45.072-73.413 44.701-23.208.375-56.579-31.459-73.413-44.701C106.18 199.465 70.425 171.067 48 152.805V112h416zM48 400V214.398c22.914 18.251 55.409 43.862 104.938 82.646 21.857 17.205 60.134 55.186 103.062 54.955 42.717.231 80.509-37.199 103.053-54.947 49.528-38.783 82.032-64.401 104.947-82.653V400H48z\"><\/path><\/svg>                                    <\/a>\r\n                                <\/div>\r\n                                                     info@anatoliabalkantour.com                        <\/a>\r\n                    <\/h3>\r\n\r\n                                    <\/div>\r\n            <\/div>\r\n            \t\t\t\t<\/div>\n\t\t\t\t<\/div>\n\t\t\t\t<div class=\"elementor-element elementor-element-3d492a61 elementor-widget-divider--view-line elementor-widget elementor-widget-divider\" data-id=\"3d492a61\" data-element_type=\"widget\" data-widget_type=\"divider.default\">\n\t\t\t\t<div class=\"elementor-widget-container\">\n\t\t\t\t\t\t\t<div class=\"elementor-divider\">\n\t\t\t<span class=\"elementor-divider-separator\">\n\t\t\t\t\t\t<\/span>\n\t\t<\/div>\n\t\t\t\t\t\t<\/div>\n\t\t\t\t<\/div>\n\t\t\t\t\t<\/div>\n\t\t<\/div>\n\t\t\t\t<div class=\"elementor-column elementor-col-50 elementor-top-column elementor-element elementor-element-b80a6ce\" data-id=\"b80a6ce\" data-element_type=\"column\">\n\t\t\t<div class=\"elementor-widget-wrap elementor-element-populated\">\n\t\t\t\t\t\t<div class=\"elementor-element elementor-element-10e6865 elementor-widget elementor-widget-shortcode\" data-id=\"10e6865\" data-element_type=\"widget\" data-widget_type=\"shortcode.default\">\n\t\t\t\t<div class=\"elementor-widget-container\">\n\t\t\t\t\t\t\t<div class=\"elementor-shortcode\">\n<div class=\"wpcf7 no-js\" id=\"wpcf7-f14839-o1\" lang=\"tr-TR\" dir=\"ltr\" data-wpcf7-id=\"14839\">\n<div class=\"screen-reader-response\"><p role=\"status\" aria-live=\"polite\" aria-atomic=\"true\"><\/p> <ul><\/ul><\/div>\n<form action=\"\/tr\/wp-json\/wp\/v2\/pages\/14748#wpcf7-f14839-o1\" method=\"post\" class=\"wpcf7-form init\" aria-label=\"\u0130leti\u015fim Formu\" novalidate=\"novalidate\" data-status=\"init\">\n<fieldset class=\"hidden-fields-container\"><input type=\"hidden\" name=\"_wpcf7\" value=\"14839\" \/><input type=\"hidden\" name=\"_wpcf7_version\" value=\"6.1.3\" \/><input type=\"hidden\" name=\"_wpcf7_locale\" value=\"tr_TR\" \/><input type=\"hidden\" name=\"_wpcf7_unit_tag\" value=\"wpcf7-f14839-o1\" \/><input type=\"hidden\" name=\"_wpcf7_container_post\" value=\"0\" \/><input type=\"hidden\" name=\"_wpcf7_posted_data_hash\" value=\"\" \/>\n<\/fieldset>\n<div class=\"st-contact-form st-border-new\">\n\t<h3>Mesaj G\u00f6nder\n\t\t<div class=\"mt30\">\n\t\t\t<div class=\"row\">\n\t\t\t\t<div class=\"col-md-6\">\n\t\t\t\t\t<div class=\"form-group\">\n\t\t\t\t\t\t<p><span class=\"wpcf7-form-control-wrap\" data-name=\"your-name\"><input size=\"40\" maxlength=\"400\" class=\"wpcf7-form-control wpcf7-text form-control\" id=\"name\" aria-invalid=\"false\" placeholder=\"Ad Soyad*\" value=\"\" type=\"text\" name=\"your-name\" \/><\/span>\n\t\t\t\t\t\t<\/p>\n\t\t\t\t\t<\/div>\n\t\t\t\t<\/div>\n\t\t\t\t<div class=\"col-md-6\">\n\t\t\t\t\t<div class=\"form-group\">\n\t\t\t\t\t\t<p><span class=\"wpcf7-form-control-wrap\" data-name=\"your-phone\"><input size=\"40\" maxlength=\"400\" class=\"wpcf7-form-control wpcf7-tel wpcf7-text wpcf7-validates-as-tel form-control\" id=\"phone\" aria-invalid=\"false\" placeholder=\"Telefon numaras\u0131\" value=\"\" type=\"tel\" name=\"your-phone\" \/><\/span>\n\t\t\t\t\t\t<\/p>\n\t\t\t\t\t<\/div>\n\t\t\t\t<\/div>\n\t\t\t<\/div>\n\t\t\t<div class=\"row\">\n\t\t\t\t<div class=\"col-md-12\">\n\t\t\t\t\t<div class=\"form-group\">\n\t\t\t\t\t\t<p><span class=\"wpcf7-form-control-wrap\" data-name=\"email-139\"><input size=\"40\" maxlength=\"400\" class=\"wpcf7-form-control wpcf7-email wpcf7-validates-as-required wpcf7-text wpcf7-validates-as-email form-control\" id=\"email\" aria-required=\"true\" aria-invalid=\"false\" placeholder=\"E-posta*\" value=\"\" type=\"email\" name=\"email-139\" \/><\/span>\n\t\t\t\t\t\t<\/p>\n\t\t\t\t\t<\/div>\n\t\t\t\t<\/div>\n\t\t\t<\/div>\n\t\t\t<div class=\"form-group\">\n\t\t\t\t<p><span class=\"wpcf7-form-control-wrap\" data-name=\"message\"><textarea cols=\"40\" rows=\"10\" maxlength=\"2000\" class=\"wpcf7-form-control wpcf7-textarea form-control\" id=\"message\" aria-invalid=\"false\" placeholder=\"Mesaj\" name=\"message\"><\/textarea><\/span>\n\t\t\t\t<\/p>\n\t\t\t<\/div>\n\t\t\t<div class=\"st-button-subbmit\">\n\t\t\t\t<p><input class=\"wpcf7-form-control wpcf7-submit has-spinner btn text-center btn-v2 btn-primary\" type=\"submit\" value=\"G\u00f6nder\" \/>\n\t\t\t\t<\/p>\n\t\t\t<\/div>\n\t\t<\/div>\n\t<\/h3>\n<\/div><p style=\"display: none !important;\" class=\"akismet-fields-container\" data-prefix=\"_wpcf7_ak_\"><label>&#916;<textarea name=\"_wpcf7_ak_hp_textarea\" cols=\"45\" rows=\"8\" maxlength=\"100\"><\/textarea><\/label><input type=\"hidden\" id=\"ak_js_1\" name=\"_wpcf7_ak_js\" value=\"85\"\/><script>document.getElementById( \"ak_js_1\" ).setAttribute( \"value\", ( new Date() ).getTime() );<\/script><\/p><div class=\"wpcf7-response-output\" aria-hidden=\"true\"><\/div>\n<\/form>\n<\/div>\n<\/div>\n\t\t\t\t\t\t<\/div>\n\t\t\t\t<\/div>\n\t\t\t\t\t<\/div>\n\t\t<\/div>\n\t\t\t\t\t<\/div>\n\t\t<\/section>\n\t\t\t\t<\/div>\n\t\t","protected":false},"excerpt":{"rendered":"<p>\u0130leti\u015fim Bilgileri +387 61 204 388 info@anatoliabalkantour.com<\/p>\n","protected":false},"author":1,"featured_media":14485,"parent":0,"menu_order":0,"comment_status":"closed","ping_status":"closed","template":"template-blank.php","meta":{"footnotes":""},"class_list":["post-14748","page","type-page","status-publish","has-post-thumbnail","hentry"],"yoast_head":"<!-- This site is optimized with the Yoast SEO plugin v26.5 - https:\/\/yoast.com\/wordpress\/plugins\/seo\/ -->\n<title>\u0130leti\u015fim - Anatolia Balkan Tour<\/title>\n<meta name=\"robots\" content=\"index, follow, max-snippet:-1, max-image-preview:large, max-video-preview:-1\" \/>\n<link rel=\"canonical\" href=\"https:\/\/anatoliabalkantour.com\/tr\/iletisim\/\" \/>\n<meta property=\"og:locale\" content=\"tr_TR\" \/>\n<meta property=\"og:type\" content=\"article\" \/>\n<meta property=\"og:title\" content=\"\u0130leti\u015fim - Anatolia Balkan Tour\" \/>\n<meta property=\"og:description\" content=\"\u0130leti\u015fim Bilgileri +387 61 204 388 info@anatoliabalkantour.com\" \/>\n<meta property=\"og:url\" content=\"https:\/\/anatoliabalkantour.com\/tr\/iletisim\/\" \/>\n<meta property=\"og:site_name\" content=\"Anatolia Balkan Tour\" \/>\n<meta property=\"article:publisher\" content=\"https:\/\/www.facebook.com\/Anatoliabalkantur\/\" \/>\n<meta property=\"article:modified_time\" content=\"2025-11-25T00:01:17+00:00\" \/>\n<meta property=\"og:image\" content=\"https:\/\/anatoliabalkantour.com\/wp-content\/uploads\/2025\/11\/bannermix-min.png\" \/>\n\t<meta property=\"og:image:width\" content=\"1920\" \/>\n\t<meta property=\"og:image:height\" content=\"400\" \/>\n\t<meta property=\"og:image:type\" content=\"image\/png\" \/>\n<meta name=\"twitter:card\" content=\"summary_large_image\" \/>\n<script type=\"application\/ld+json\" class=\"yoast-schema-graph\">{\"@context\":\"https:\/\/schema.org\",\"@graph\":[{\"@type\":\"WebPage\",\"@id\":\"https:\/\/anatoliabalkantour.com\/tr\/iletisim\/\",\"url\":\"https:\/\/anatoliabalkantour.com\/tr\/iletisim\/\",\"name\":\"\u0130leti\u015fim - Anatolia Balkan Tour\",\"isPartOf\":{\"@id\":\"https:\/\/anatoliabalkantour.com\/tr\/#website\"},\"primaryImageOfPage\":{\"@id\":\"https:\/\/anatoliabalkantour.com\/tr\/iletisim\/#primaryimage\"},\"image\":{\"@id\":\"https:\/\/anatoliabalkantour.com\/tr\/iletisim\/#primaryimage\"},\"thumbnailUrl\":\"https:\/\/anatoliabalkantour.com\/wp-content\/uploads\/2025\/11\/bannermix-min.png\",\"datePublished\":\"2022-04-14T01:27:33+00:00\",\"dateModified\":\"2025-11-25T00:01:17+00:00\",\"breadcrumb\":{\"@id\":\"https:\/\/anatoliabalkantour.com\/tr\/iletisim\/#breadcrumb\"},\"inLanguage\":\"tr\",\"potentialAction\":[{\"@type\":\"ReadAction\",\"target\":[\"https:\/\/anatoliabalkantour.com\/tr\/iletisim\/\"]}]},{\"@type\":\"ImageObject\",\"inLanguage\":\"tr\",\"@id\":\"https:\/\/anatoliabalkantour.com\/tr\/iletisim\/#primaryimage\",\"url\":\"https:\/\/anatoliabalkantour.com\/wp-content\/uploads\/2025\/11\/bannermix-min.png\",\"contentUrl\":\"https:\/\/anatoliabalkantour.com\/wp-content\/uploads\/2025\/11\/bannermix-min.png\",\"width\":1920,\"height\":400},{\"@type\":\"BreadcrumbList\",\"@id\":\"https:\/\/anatoliabalkantour.com\/tr\/iletisim\/#breadcrumb\",\"itemListElement\":[{\"@type\":\"ListItem\",\"position\":1,\"name\":\"Home\",\"item\":\"https:\/\/anatoliabalkantour.com\/tr\/\"},{\"@type\":\"ListItem\",\"position\":2,\"name\":\"\u0130leti\u015fim\"}]},{\"@type\":\"WebSite\",\"@id\":\"https:\/\/anatoliabalkantour.com\/tr\/#website\",\"url\":\"https:\/\/anatoliabalkantour.com\/tr\/\",\"name\":\"Anatolia Balkan Tour\",\"description\":\"Anatolia&#039;n\u0131n G\u00fcc\u00fcyle En \u0130yi Balkan Turu Deneyimi\",\"publisher\":{\"@id\":\"https:\/\/anatoliabalkantour.com\/tr\/#organization\"},\"potentialAction\":[{\"@type\":\"SearchAction\",\"target\":{\"@type\":\"EntryPoint\",\"urlTemplate\":\"https:\/\/anatoliabalkantour.com\/tr\/?s={search_term_string}\"},\"query-input\":{\"@type\":\"PropertyValueSpecification\",\"valueRequired\":true,\"valueName\":\"search_term_string\"}}],\"inLanguage\":\"tr\"},{\"@type\":\"Organization\",\"@id\":\"https:\/\/anatoliabalkantour.com\/tr\/#organization\",\"name\":\"Anatolia Balkan Tour\",\"url\":\"https:\/\/anatoliabalkantour.com\/tr\/\",\"logo\":{\"@type\":\"ImageObject\",\"inLanguage\":\"tr\",\"@id\":\"https:\/\/anatoliabalkantour.com\/tr\/#\/schema\/logo\/image\/\",\"url\":\"https:\/\/anatoliabalkantour.com\/wp-content\/uploads\/2022\/04\/LOGOBALKAN-Duzenlendi-1.png\",\"contentUrl\":\"https:\/\/anatoliabalkantour.com\/wp-content\/uploads\/2022\/04\/LOGOBALKAN-Duzenlendi-1.png\",\"width\":1024,\"height\":1024,\"caption\":\"Anatolia Balkan Tour\"},\"image\":{\"@id\":\"https:\/\/anatoliabalkantour.com\/tr\/#\/schema\/logo\/image\/\"},\"sameAs\":[\"https:\/\/www.facebook.com\/Anatoliabalkantur\/\",\"https:\/\/www.instagram.com\/anatoliabalkantur\/\"]}]}<\/script>\n<!-- \/ Yoast SEO plugin. -->","yoast_head_json":{"title":"\u0130leti\u015fim - Anatolia Balkan Tour","robots":{"index":"index","follow":"follow","max-snippet":"max-snippet:-1","max-image-preview":"max-image-preview:large","max-video-preview":"max-video-preview:-1"},"canonical":"https:\/\/anatoliabalkantour.com\/tr\/iletisim\/","og_locale":"tr_TR","og_type":"article","og_title":"\u0130leti\u015fim - Anatolia Balkan Tour","og_description":"\u0130leti\u015fim Bilgileri +387 61 204 388 info@anatoliabalkantour.com","og_url":"https:\/\/anatoliabalkantour.com\/tr\/iletisim\/","og_site_name":"Anatolia Balkan Tour","article_publisher":"https:\/\/www.facebook.com\/Anatoliabalkantur\/","article_modified_time":"2025-11-25T00:01:17+00:00","og_image":[{"width":1920,"height":400,"url":"https:\/\/anatoliabalkantour.com\/wp-content\/uploads\/2025\/11\/bannermix-min.png","type":"image\/png"}],"twitter_card":"summary_large_image","schema":{"@context":"https:\/\/schema.org","@graph":[{"@type":"WebPage","@id":"https:\/\/anatoliabalkantour.com\/tr\/iletisim\/","url":"https:\/\/anatoliabalkantour.com\/tr\/iletisim\/","name":"\u0130leti\u015fim - Anatolia Balkan Tour","isPartOf":{"@id":"https:\/\/anatoliabalkantour.com\/tr\/#website"},"primaryImageOfPage":{"@id":"https:\/\/anatoliabalkantour.com\/tr\/iletisim\/#primaryimage"},"image":{"@id":"https:\/\/anatoliabalkantour.com\/tr\/iletisim\/#primaryimage"},"thumbnailUrl":"https:\/\/anatoliabalkantour.com\/wp-content\/uploads\/2025\/11\/bannermix-min.png","datePublished":"2022-04-14T01:27:33+00:00","dateModified":"2025-11-25T00:01:17+00:00","breadcrumb":{"@id":"https:\/\/anatoliabalkantour.com\/tr\/iletisim\/#breadcrumb"},"inLanguage":"tr","potentialAction":[{"@type":"ReadAction","target":["https:\/\/anatoliabalkantour.com\/tr\/iletisim\/"]}]},{"@type":"ImageObject","inLanguage":"tr","@id":"https:\/\/anatoliabalkantour.com\/tr\/iletisim\/#primaryimage","url":"https:\/\/anatoliabalkantour.com\/wp-content\/uploads\/2025\/11\/bannermix-min.png","contentUrl":"https:\/\/anatoliabalkantour.com\/wp-content\/uploads\/2025\/11\/bannermix-min.png","width":1920,"height":400},{"@type":"BreadcrumbList","@id":"https:\/\/anatoliabalkantour.com\/tr\/iletisim\/#breadcrumb","itemListElement":[{"@type":"ListItem","position":1,"name":"Home","item":"https:\/\/anatoliabalkantour.com\/tr\/"},{"@type":"ListItem","position":2,"name":"\u0130leti\u015fim"}]},{"@type":"WebSite","@id":"https:\/\/anatoliabalkantour.com\/tr\/#website","url":"https:\/\/anatoliabalkantour.com\/tr\/","name":"Anatolia Balkan Tour","description":"Anatolia&#039;n\u0131n G\u00fcc\u00fcyle En \u0130yi Balkan Turu Deneyimi","publisher":{"@id":"https:\/\/anatoliabalkantour.com\/tr\/#organization"},"potentialAction":[{"@type":"SearchAction","target":{"@type":"EntryPoint","urlTemplate":"https:\/\/anatoliabalkantour.com\/tr\/?s={search_term_string}"},"query-input":{"@type":"PropertyValueSpecification","valueRequired":true,"valueName":"search_term_string"}}],"inLanguage":"tr"},{"@type":"Organization","@id":"https:\/\/anatoliabalkantour.com\/tr\/#organization","name":"Anatolia Balkan Tour","url":"https:\/\/anatoliabalkantour.com\/tr\/","logo":{"@type":"ImageObject","inLanguage":"tr","@id":"https:\/\/anatoliabalkantour.com\/tr\/#\/schema\/logo\/image\/","url":"https:\/\/anatoliabalkantour.com\/wp-content\/uploads\/2022\/04\/LOGOBALKAN-Duzenlendi-1.png","contentUrl":"https:\/\/anatoliabalkantour.com\/wp-content\/uploads\/2022\/04\/LOGOBALKAN-Duzenlendi-1.png","width":1024,"height":1024,"caption":"Anatolia Balkan Tour"},"image":{"@id":"https:\/\/anatoliabalkantour.com\/tr\/#\/schema\/logo\/image\/"},"sameAs":["https:\/\/www.facebook.com\/Anatoliabalkantur\/","https:\/\/www.instagram.com\/anatoliabalkantur\/"]}]}},"_links":{"self":[{"href":"https:\/\/anatoliabalkantour.com\/tr\/wp-json\/wp\/v2\/pages\/14748","targetHints":{"allow":["GET"]}}],"collection":[{"href":"https:\/\/anatoliabalkantour.com\/tr\/wp-json\/wp\/v2\/pages"}],"about":[{"href":"https:\/\/anatoliabalkantour.com\/tr\/wp-json\/wp\/v2\/types\/page"}],"author":[{"embeddable":true,"href":"https:\/\/anatoliabalkantour.com\/tr\/wp-json\/wp\/v2\/users\/1"}],"replies":[{"embeddable":true,"href":"https:\/\/anatoliabalkantour.com\/tr\/wp-json\/wp\/v2\/comments?post=14748"}],"version-history":[{"count":6,"href":"https:\/\/anatoliabalkantour.com\/tr\/wp-json\/wp\/v2\/pages\/14748\/revisions"}],"predecessor-version":[{"id":14815,"href":"https:\/\/anatoliabalkantour.com\/tr\/wp-json\/wp\/v2\/pages\/14748\/revisions\/14815"}],"wp:featuredmedia":[{"embeddable":true,"href":"https:\/\/anatoliabalkantour.com\/tr\/wp-json\/wp\/v2\/media\/14485"}],"wp:attachment":[{"href":"https:\/\/anatoliabalkantour.com\/tr\/wp-json\/wp\/v2\/media?parent=14748"}],"curies":[{"name":"wp","href":"https:\/\/api.w.org\/{rel}","templated":true}]}}