{"id":14744,"date":"2025-11-24T17:04:13","date_gmt":"2025-11-24T17:04:13","guid":{"rendered":"https:\/\/anatoliabalkantour.com\/hizmet-sartlari\/"},"modified":"2025-11-25T00:02:12","modified_gmt":"2025-11-25T00:02:12","slug":"hizmet-sartlari","status":"publish","type":"page","link":"https:\/\/anatoliabalkantour.com\/tr\/hizmet-sartlari\/","title":{"rendered":"Hizmet \u015eartlar\u0131"},"content":{"rendered":"\t\t<div data-elementor-type=\"wp-page\" data-elementor-id=\"14744\" class=\"elementor elementor-14744 elementor-14723\">\n\t\t\t\t<div class=\"elementor-element elementor-element-557f9b00 e-flex e-con-boxed e-con e-parent\" data-id=\"557f9b00\" data-element_type=\"container\">\n\t\t\t\t\t<div class=\"e-con-inner\">\n\t\t\t\t<div class=\"elementor-element elementor-element-3b8b119b elementor-widget elementor-widget-text-editor\" data-id=\"3b8b119b\" data-element_type=\"widget\" data-widget_type=\"text-editor.default\">\n\t\t\t\t<div class=\"elementor-widget-container\">\n\t\t\t\t\t\t\t\t\t\n<h4 class=\"wp-block-heading\">1. Giri\u015f<\/h4>\n\n\n\n<p>anatoliabalkantour.com (&#8220;biz&#8221;, &#8220;bize&#8221;, &#8220;bizim&#8221;) web sitesine ve hizmetlerimize eri\u015ferek ve kullanarak, a\u015fa\u011f\u0131daki \u015fart ve ko\u015fullar\u0131 kabul etmi\u015f olursunuz. L\u00fctfen dikkatlice okuyun. Web sitemizi ve hizmetlerimizi kullanarak a\u015fa\u011f\u0131daki h\u00fck\u00fcm ve ko\u015fullar\u0131 kabul etmi\u015f olursunuz. L\u00fctfen bunlar\u0131 dikkatlice okuyunuz.<\/p>\n\n\n\n<h4 class=\"wp-block-heading\">2. <strong>Sunulan Hizmetler<\/strong><\/h4>\n\n\n\n<p>Biz, Anadolu ve Balkanlar\u2019\u0131 ke\u015ffe y\u00f6nelik turlar ve hizmetler sunmaktay\u0131z. Web sitemiz, destinasyonlar, rezervasyon se\u00e7enekleri ve seyahat programlar\u0131 hakk\u0131nda bilgi sa\u011flar. Web sitemizde destinasyonlar, rezervasyon se\u00e7enekleri ve g\u00fczergahlar hakk\u0131nda bilgi verilmektedir.<\/p>\n\n\n\n<h4 class=\"wp-block-heading\">3. Kullan\u0131c\u0131 Sorumluluklar\u0131<\/h4>\n\n\n\n<p>Hizmetlerimizi yaln\u0131zca yasal ama\u00e7larla kullanmay\u0131 kabul edersiniz. Web sitemizin veya hizmetlerimizin \u00e7al\u0131\u015fmas\u0131n\u0131 bozabilecek, devre d\u0131\u015f\u0131 b\u0131rakabilecek ya da engelleyebilecek herhangi bir davran\u0131\u015fta bulunamazs\u0131n\u0131z. Web sitemizin veya hizmetlerimizin i\u015fleyi\u015fine zarar verebilecek, bunlar\u0131 devre d\u0131\u015f\u0131 b\u0131rakabilecek veya engelleyebilecek hi\u00e7bir davran\u0131\u015fta bulunmamal\u0131s\u0131n\u0131z.<\/p>\n\n\n\n<h4 class=\"wp-block-heading\">4. <strong>Rezervasyonlar ve \u00d6demeler<\/strong><\/h4>\n\n\n\n<p>Web sitemiz \u00fczerinden yap\u0131lan t\u00fcm rezervasyonlar, mevcutluk durumuna tabidir. \u00d6deme, her tur veya hizmet i\u00e7in belirlenen rezervasyon \u015fartlar\u0131na g\u00f6re yap\u0131lmal\u0131d\u0131r. \u00d6deme, her tur veya hizmet i\u00e7in belirtilen rezervasyon ko\u015fullar\u0131na g\u00f6re yap\u0131lmal\u0131d\u0131r.<\/p>\n\n\n\n<h4 class=\"wp-block-heading\">5. <strong>\u0130ptal ve iade politikas\u0131<\/strong><\/h4>\n\n\n\n<p>L\u00fctfen rezervasyon yapmadan \u00f6nce iptal ve iade politikam\u0131z\u0131 g\u00f6zden ge\u00e7irin. \u0130ptaller, belirli tur veya hizmet \u015fartlar\u0131nda a\u00e7\u0131klanan cezalara tabi olabilir. \u0130ptaller, belirli tur veya hizmet ko\u015fullar\u0131nda a\u00e7\u0131kland\u0131\u011f\u0131 gibi cezalara tabi olabilir.<\/p>\n\n\n\n<h4 class=\"wp-block-heading\">6. <strong>Gizlilik Politikas\u0131<\/strong><\/h4>\n\n\n\n<p>Gizlili\u011finize sayg\u0131 g\u00f6steriyoruz ve ki\u015fisel bilgilerinizi korumay\u0131 taahh\u00fct ediyoruz. Verilerinizi nas\u0131l toplad\u0131\u011f\u0131m\u0131z ve kulland\u0131\u011f\u0131m\u0131zla ilgili ayr\u0131nt\u0131lar i\u00e7in Gizlilik Politikam\u0131za bak\u0131n. Verilerinizi nas\u0131l toplad\u0131\u011f\u0131m\u0131z ve kulland\u0131\u011f\u0131m\u0131zla ilgili ayr\u0131nt\u0131lar i\u00e7in l\u00fctfen Gizlilik Politikam\u0131za bak\u0131n.<\/p>\n\n\n\n<h4 class=\"wp-block-heading\">7. <strong>Sorumlulu\u011fun s\u0131n\u0131rland\u0131r\u0131lmas\u0131<\/strong><\/h4>\n\n\n\n<p>Sorumlulu\u011fumuz, belirli hizmet veya tur i\u00e7in \u00f6denen tutar ile s\u0131n\u0131rl\u0131d\u0131r. Web sitemizin veya hizmetlerimizin kullan\u0131m\u0131ndan do\u011fan dolayl\u0131, tesad\u00fcfi veya sonu\u00e7sal zararlardan sorumlu de\u011filiz. Web sitemizin veya hizmetlerimizin kullan\u0131m\u0131ndan kaynaklanan dolayl\u0131, tesad\u00fcfi veya sonu\u00e7sal zararlardan sorumlu de\u011filiz.<\/p>\n\n\n\n<h4 class=\"wp-block-heading\">8. \u015eartlar\u0131n De\u011fi\u015ftirilmesi<\/h4>\n\n\n\n<p>Bu Hizmet \u015eartlar\u0131&#8217;n\u0131 her zaman g\u00fcncelleyebiliriz veya revize edebiliriz. De\u011fi\u015fiklikler, bu sayfada g\u00fcncellenmi\u015f bir tarih ile yay\u0131nlanacakt\u0131r. Any changes will be posted on this page with an updated date.<\/p>\n\n\n\n<h4 class=\"wp-block-heading\">9. <strong>Uygunluk Hukuku<\/strong><\/h4>\n\n\n\n<p>Bu Hizmet \u015eartlar\u0131, [\u00dclke\/B\u00f6lge] yasalar\u0131na tabidir. Bu \u015fartlardan do\u011fan herhangi bir uyu\u015fmazl\u0131k, [\u015eehir\/\u00dclke] mahkemelerinin yetkisine tabi olacakt\u0131r. Herhangi bir de\u011fi\u015fiklik olmas\u0131 durumunda g\u00fcncel tarihle birlikte bu sayfada yay\u0131nlanacakt\u0131r.<\/p>\n\n\n\n<h4 class=\"wp-block-heading\">10. \u0130leti\u015fim Bilgileri<\/h4>\n\n\n\n<p>Herhangi bir soru veya endi\u015feniz varsa l\u00fctfen bizimle \u015fu adresten ileti\u015fime ge\u00e7in:<br>info@anatoliabalkantour.com<br><a href=\"tel:38761204388\">+387 61 204 388<\/a><\/p>\n\t\t\t\t\t\t\t\t<\/div>\n\t\t\t\t<\/div>\n\t\t\t\t\t<\/div>\n\t\t\t\t<\/div>\n\t\t\t\t<\/div>\n\t\t","protected":false},"excerpt":{"rendered":"<p>1. Giri\u015f anatoliabalkantour.com (&#8220;biz&#8221;, &#8220;bize&#8221;, &#8220;bizim&#8221;) web sitesine ve hizmetlerimize eri\u015ferek ve kullanarak, a\u015fa\u011f\u0131daki \u015fart ve ko\u015fullar\u0131 kabul etmi\u015f olursunuz. L\u00fctfen dikkatlice okuyun. Web sitemizi ve hizmetlerimizi kullanarak a\u015fa\u011f\u0131daki h\u00fck\u00fcm ve ko\u015fullar\u0131 kabul etmi\u015f olursunuz. L\u00fctfen bunlar\u0131 dikkatlice okuyunuz. 2. Sunulan Hizmetler Biz, Anadolu ve Balkanlar\u2019\u0131 ke\u015ffe y\u00f6nelik turlar ve hizmetler sunmaktay\u0131z. Web sitemiz, destinasyonlar, [&hellip;]<\/p>\n","protected":false},"author":1,"featured_media":14485,"parent":0,"menu_order":0,"comment_status":"closed","ping_status":"closed","template":"","meta":{"footnotes":""},"class_list":["post-14744","page","type-page","status-publish","has-post-thumbnail","hentry"],"yoast_head":"<!-- This site is optimized with the Yoast SEO plugin v26.5 - https:\/\/yoast.com\/wordpress\/plugins\/seo\/ -->\n<title>Hizmet \u015eartlar\u0131 - Anatolia Balkan Tour<\/title>\n<meta name=\"robots\" content=\"index, follow, max-snippet:-1, max-image-preview:large, max-video-preview:-1\" \/>\n<link rel=\"canonical\" href=\"https:\/\/anatoliabalkantour.com\/tr\/hizmet-sartlari\/\" \/>\n<meta property=\"og:locale\" content=\"tr_TR\" \/>\n<meta property=\"og:type\" content=\"article\" \/>\n<meta property=\"og:title\" content=\"Hizmet \u015eartlar\u0131 - Anatolia Balkan Tour\" \/>\n<meta property=\"og:description\" content=\"1. Giri\u015f anatoliabalkantour.com (&#8220;biz&#8221;, &#8220;bize&#8221;, &#8220;bizim&#8221;) web sitesine ve hizmetlerimize eri\u015ferek ve kullanarak, a\u015fa\u011f\u0131daki \u015fart ve ko\u015fullar\u0131 kabul etmi\u015f olursunuz. L\u00fctfen dikkatlice okuyun. Web sitemizi ve hizmetlerimizi kullanarak a\u015fa\u011f\u0131daki h\u00fck\u00fcm ve ko\u015fullar\u0131 kabul etmi\u015f olursunuz. L\u00fctfen bunlar\u0131 dikkatlice okuyunuz. 2. Sunulan Hizmetler Biz, Anadolu ve Balkanlar\u2019\u0131 ke\u015ffe y\u00f6nelik turlar ve hizmetler sunmaktay\u0131z. Web sitemiz, destinasyonlar, [&hellip;]\" \/>\n<meta property=\"og:url\" content=\"https:\/\/anatoliabalkantour.com\/tr\/hizmet-sartlari\/\" \/>\n<meta property=\"og:site_name\" content=\"Anatolia Balkan Tour\" \/>\n<meta property=\"article:publisher\" content=\"https:\/\/www.facebook.com\/Anatoliabalkantur\/\" \/>\n<meta property=\"article:modified_time\" content=\"2025-11-25T00:02:12+00:00\" \/>\n<meta property=\"og:image\" content=\"https:\/\/anatoliabalkantour.com\/wp-content\/uploads\/2025\/11\/bannermix-min.png\" \/>\n\t<meta property=\"og:image:width\" content=\"1920\" \/>\n\t<meta property=\"og:image:height\" content=\"400\" \/>\n\t<meta property=\"og:image:type\" content=\"image\/png\" \/>\n<meta name=\"twitter:card\" content=\"summary_large_image\" \/>\n<meta name=\"twitter:label1\" content=\"Tahmini okuma s\u00fcresi\" \/>\n\t<meta name=\"twitter:data1\" content=\"2 dakika\" \/>\n<script type=\"application\/ld+json\" class=\"yoast-schema-graph\">{\"@context\":\"https:\/\/schema.org\",\"@graph\":[{\"@type\":\"WebPage\",\"@id\":\"https:\/\/anatoliabalkantour.com\/tr\/hizmet-sartlari\/\",\"url\":\"https:\/\/anatoliabalkantour.com\/tr\/hizmet-sartlari\/\",\"name\":\"Hizmet \u015eartlar\u0131 - Anatolia Balkan Tour\",\"isPartOf\":{\"@id\":\"https:\/\/anatoliabalkantour.com\/tr\/#website\"},\"primaryImageOfPage\":{\"@id\":\"https:\/\/anatoliabalkantour.com\/tr\/hizmet-sartlari\/#primaryimage\"},\"image\":{\"@id\":\"https:\/\/anatoliabalkantour.com\/tr\/hizmet-sartlari\/#primaryimage\"},\"thumbnailUrl\":\"https:\/\/anatoliabalkantour.com\/wp-content\/uploads\/2025\/11\/bannermix-min.png\",\"datePublished\":\"2025-11-24T17:04:13+00:00\",\"dateModified\":\"2025-11-25T00:02:12+00:00\",\"breadcrumb\":{\"@id\":\"https:\/\/anatoliabalkantour.com\/tr\/hizmet-sartlari\/#breadcrumb\"},\"inLanguage\":\"tr\",\"potentialAction\":[{\"@type\":\"ReadAction\",\"target\":[\"https:\/\/anatoliabalkantour.com\/tr\/hizmet-sartlari\/\"]}]},{\"@type\":\"ImageObject\",\"inLanguage\":\"tr\",\"@id\":\"https:\/\/anatoliabalkantour.com\/tr\/hizmet-sartlari\/#primaryimage\",\"url\":\"https:\/\/anatoliabalkantour.com\/wp-content\/uploads\/2025\/11\/bannermix-min.png\",\"contentUrl\":\"https:\/\/anatoliabalkantour.com\/wp-content\/uploads\/2025\/11\/bannermix-min.png\",\"width\":1920,\"height\":400},{\"@type\":\"BreadcrumbList\",\"@id\":\"https:\/\/anatoliabalkantour.com\/tr\/hizmet-sartlari\/#breadcrumb\",\"itemListElement\":[{\"@type\":\"ListItem\",\"position\":1,\"name\":\"Home\",\"item\":\"https:\/\/anatoliabalkantour.com\/tr\/\"},{\"@type\":\"ListItem\",\"position\":2,\"name\":\"Hizmet \u015eartlar\u0131\"}]},{\"@type\":\"WebSite\",\"@id\":\"https:\/\/anatoliabalkantour.com\/tr\/#website\",\"url\":\"https:\/\/anatoliabalkantour.com\/tr\/\",\"name\":\"Anatolia Balkan Tour\",\"description\":\"Anatolia&#039;n\u0131n G\u00fcc\u00fcyle En \u0130yi Balkan Turu Deneyimi\",\"publisher\":{\"@id\":\"https:\/\/anatoliabalkantour.com\/tr\/#organization\"},\"potentialAction\":[{\"@type\":\"SearchAction\",\"target\":{\"@type\":\"EntryPoint\",\"urlTemplate\":\"https:\/\/anatoliabalkantour.com\/tr\/?s={search_term_string}\"},\"query-input\":{\"@type\":\"PropertyValueSpecification\",\"valueRequired\":true,\"valueName\":\"search_term_string\"}}],\"inLanguage\":\"tr\"},{\"@type\":\"Organization\",\"@id\":\"https:\/\/anatoliabalkantour.com\/tr\/#organization\",\"name\":\"Anatolia Balkan Tour\",\"url\":\"https:\/\/anatoliabalkantour.com\/tr\/\",\"logo\":{\"@type\":\"ImageObject\",\"inLanguage\":\"tr\",\"@id\":\"https:\/\/anatoliabalkantour.com\/tr\/#\/schema\/logo\/image\/\",\"url\":\"https:\/\/anatoliabalkantour.com\/wp-content\/uploads\/2022\/04\/LOGOBALKAN-Duzenlendi-1.png\",\"contentUrl\":\"https:\/\/anatoliabalkantour.com\/wp-content\/uploads\/2022\/04\/LOGOBALKAN-Duzenlendi-1.png\",\"width\":1024,\"height\":1024,\"caption\":\"Anatolia Balkan Tour\"},\"image\":{\"@id\":\"https:\/\/anatoliabalkantour.com\/tr\/#\/schema\/logo\/image\/\"},\"sameAs\":[\"https:\/\/www.facebook.com\/Anatoliabalkantur\/\",\"https:\/\/www.instagram.com\/anatoliabalkantur\/\"]}]}<\/script>\n<!-- \/ Yoast SEO plugin. -->","yoast_head_json":{"title":"Hizmet \u015eartlar\u0131 - Anatolia Balkan Tour","robots":{"index":"index","follow":"follow","max-snippet":"max-snippet:-1","max-image-preview":"max-image-preview:large","max-video-preview":"max-video-preview:-1"},"canonical":"https:\/\/anatoliabalkantour.com\/tr\/hizmet-sartlari\/","og_locale":"tr_TR","og_type":"article","og_title":"Hizmet \u015eartlar\u0131 - Anatolia Balkan Tour","og_description":"1. Giri\u015f anatoliabalkantour.com (&#8220;biz&#8221;, &#8220;bize&#8221;, &#8220;bizim&#8221;) web sitesine ve hizmetlerimize eri\u015ferek ve kullanarak, a\u015fa\u011f\u0131daki \u015fart ve ko\u015fullar\u0131 kabul etmi\u015f olursunuz. L\u00fctfen dikkatlice okuyun. Web sitemizi ve hizmetlerimizi kullanarak a\u015fa\u011f\u0131daki h\u00fck\u00fcm ve ko\u015fullar\u0131 kabul etmi\u015f olursunuz. L\u00fctfen bunlar\u0131 dikkatlice okuyunuz. 2. Sunulan Hizmetler Biz, Anadolu ve Balkanlar\u2019\u0131 ke\u015ffe y\u00f6nelik turlar ve hizmetler sunmaktay\u0131z. Web sitemiz, destinasyonlar, [&hellip;]","og_url":"https:\/\/anatoliabalkantour.com\/tr\/hizmet-sartlari\/","og_site_name":"Anatolia Balkan Tour","article_publisher":"https:\/\/www.facebook.com\/Anatoliabalkantur\/","article_modified_time":"2025-11-25T00:02:12+00:00","og_image":[{"width":1920,"height":400,"url":"https:\/\/anatoliabalkantour.com\/wp-content\/uploads\/2025\/11\/bannermix-min.png","type":"image\/png"}],"twitter_card":"summary_large_image","twitter_misc":{"Tahmini okuma s\u00fcresi":"2 dakika"},"schema":{"@context":"https:\/\/schema.org","@graph":[{"@type":"WebPage","@id":"https:\/\/anatoliabalkantour.com\/tr\/hizmet-sartlari\/","url":"https:\/\/anatoliabalkantour.com\/tr\/hizmet-sartlari\/","name":"Hizmet \u015eartlar\u0131 - Anatolia Balkan Tour","isPartOf":{"@id":"https:\/\/anatoliabalkantour.com\/tr\/#website"},"primaryImageOfPage":{"@id":"https:\/\/anatoliabalkantour.com\/tr\/hizmet-sartlari\/#primaryimage"},"image":{"@id":"https:\/\/anatoliabalkantour.com\/tr\/hizmet-sartlari\/#primaryimage"},"thumbnailUrl":"https:\/\/anatoliabalkantour.com\/wp-content\/uploads\/2025\/11\/bannermix-min.png","datePublished":"2025-11-24T17:04:13+00:00","dateModified":"2025-11-25T00:02:12+00:00","breadcrumb":{"@id":"https:\/\/anatoliabalkantour.com\/tr\/hizmet-sartlari\/#breadcrumb"},"inLanguage":"tr","potentialAction":[{"@type":"ReadAction","target":["https:\/\/anatoliabalkantour.com\/tr\/hizmet-sartlari\/"]}]},{"@type":"ImageObject","inLanguage":"tr","@id":"https:\/\/anatoliabalkantour.com\/tr\/hizmet-sartlari\/#primaryimage","url":"https:\/\/anatoliabalkantour.com\/wp-content\/uploads\/2025\/11\/bannermix-min.png","contentUrl":"https:\/\/anatoliabalkantour.com\/wp-content\/uploads\/2025\/11\/bannermix-min.png","width":1920,"height":400},{"@type":"BreadcrumbList","@id":"https:\/\/anatoliabalkantour.com\/tr\/hizmet-sartlari\/#breadcrumb","itemListElement":[{"@type":"ListItem","position":1,"name":"Home","item":"https:\/\/anatoliabalkantour.com\/tr\/"},{"@type":"ListItem","position":2,"name":"Hizmet \u015eartlar\u0131"}]},{"@type":"WebSite","@id":"https:\/\/anatoliabalkantour.com\/tr\/#website","url":"https:\/\/anatoliabalkantour.com\/tr\/","name":"Anatolia Balkan Tour","description":"Anatolia&#039;n\u0131n G\u00fcc\u00fcyle En \u0130yi Balkan Turu Deneyimi","publisher":{"@id":"https:\/\/anatoliabalkantour.com\/tr\/#organization"},"potentialAction":[{"@type":"SearchAction","target":{"@type":"EntryPoint","urlTemplate":"https:\/\/anatoliabalkantour.com\/tr\/?s={search_term_string}"},"query-input":{"@type":"PropertyValueSpecification","valueRequired":true,"valueName":"search_term_string"}}],"inLanguage":"tr"},{"@type":"Organization","@id":"https:\/\/anatoliabalkantour.com\/tr\/#organization","name":"Anatolia Balkan Tour","url":"https:\/\/anatoliabalkantour.com\/tr\/","logo":{"@type":"ImageObject","inLanguage":"tr","@id":"https:\/\/anatoliabalkantour.com\/tr\/#\/schema\/logo\/image\/","url":"https:\/\/anatoliabalkantour.com\/wp-content\/uploads\/2022\/04\/LOGOBALKAN-Duzenlendi-1.png","contentUrl":"https:\/\/anatoliabalkantour.com\/wp-content\/uploads\/2022\/04\/LOGOBALKAN-Duzenlendi-1.png","width":1024,"height":1024,"caption":"Anatolia Balkan Tour"},"image":{"@id":"https:\/\/anatoliabalkantour.com\/tr\/#\/schema\/logo\/image\/"},"sameAs":["https:\/\/www.facebook.com\/Anatoliabalkantur\/","https:\/\/www.instagram.com\/anatoliabalkantur\/"]}]}},"_links":{"self":[{"href":"https:\/\/anatoliabalkantour.com\/tr\/wp-json\/wp\/v2\/pages\/14744","targetHints":{"allow":["GET"]}}],"collection":[{"href":"https:\/\/anatoliabalkantour.com\/tr\/wp-json\/wp\/v2\/pages"}],"about":[{"href":"https:\/\/anatoliabalkantour.com\/tr\/wp-json\/wp\/v2\/types\/page"}],"author":[{"embeddable":true,"href":"https:\/\/anatoliabalkantour.com\/tr\/wp-json\/wp\/v2\/users\/1"}],"replies":[{"embeddable":true,"href":"https:\/\/anatoliabalkantour.com\/tr\/wp-json\/wp\/v2\/comments?post=14744"}],"version-history":[{"count":4,"href":"https:\/\/anatoliabalkantour.com\/tr\/wp-json\/wp\/v2\/pages\/14744\/revisions"}],"predecessor-version":[{"id":14838,"href":"https:\/\/anatoliabalkantour.com\/tr\/wp-json\/wp\/v2\/pages\/14744\/revisions\/14838"}],"wp:featuredmedia":[{"embeddable":true,"href":"https:\/\/anatoliabalkantour.com\/tr\/wp-json\/wp\/v2\/media\/14485"}],"wp:attachment":[{"href":"https:\/\/anatoliabalkantour.com\/tr\/wp-json\/wp\/v2\/media?parent=14744"}],"curies":[{"name":"wp","href":"https:\/\/api.w.org\/{rel}","templated":true}]}}